{"id":1600,"date":"2020-06-19T11:40:20","date_gmt":"2020-06-19T11:40:20","guid":{"rendered":"https:\/\/www.pluvia.es\/?page_id=1600"},"modified":"2020-06-21T16:23:47","modified_gmt":"2020-06-21T16:23:47","slug":"legal","status":"publish","type":"page","link":"https:\/\/www.pluvia.es\/en\/legal\/","title":{"rendered":"Legal advice"},"content":{"rendered":"\n<p><strong>Denominaci\u00f3n Social: Pluvia Risks. SL<\/strong><\/p>\n\n\n\n<p><strong>Nombre Comercial: Pluvia Risks<\/strong><\/p>\n\n\n\n<p><strong>Domicilio Social:&nbsp;<\/strong>Calle Chile, 10 &#8211; EDIFICIO MADRID 92 &#8211; Oficina 142-143 &#8211; 28290 LAS MATAS, LAS ROZAS (Madrid)<\/p>\n\n\n\n<p><strong>CIF \/ NIF:<\/strong> B-86664455<\/p>\n\n\n\n<p><strong>Tel\u00e9fono:<\/strong> +34 91 6364317 &#8211; e-mail:&nbsp;<a>pluvia@pluvia.es<\/a><\/p>\n\n\n\n<p><strong>E-Mail:&nbsp;<\/strong><a href=\"mailto:info@pluviarisks.es\">info@pluviarisks.es<\/a><\/p>\n\n\n\n<p><strong>Nombre de dominio:&nbsp; <a href=\"http:\/\/www.pluviarisks.es\">www.pluviarisks.es<\/a><\/strong><\/p>\n\n\n\n<p>OBJETO<\/p>\n\n\n\n<p>El prestador, responsable del sitio web, pone a disposici\u00f3n de los usuarios el presente documento con el que pretende dar cumplimiento a las obligaciones dispuestas en la Ley 34\/2002, de Servicios de la Sociedad de la Informaci\u00f3n y del Comercio Electr\u00f3nico (LSSI-CE), as\u00ed como informar a todos los usuarios del sitio web respecto a cu\u00e1les son las condiciones de uso del sitio web.<\/p>\n\n\n\n<p>Toda persona que acceda a este sitio web asume el papel de usuario, comprometi\u00e9ndose a la observancia y cumplimiento riguroso de las disposiciones aqu\u00ed dispuestas, as\u00ed como a cualesquiera otra disposici\u00f3n legal que fuera de aplicaci\u00f3n. El prestador se reserva el derecho a modificar cualquier tipo de informaci\u00f3n que pudiera aparecer en el sitio web, sin que exista obligaci\u00f3n de preavisar o poner en conocimiento de los usuarios dichas obligaciones, entendi\u00e9ndose como suficiente con la publicaci\u00f3n en el sitio web del prestador.<\/p>\n\n\n\n<p>RESPONSABILIDAD<\/p>\n\n\n\n<p>El prestador se exime de cualquier tipo de responsabilidad derivada de la informaci\u00f3n publicada en su sitio web, siempre que esta informaci\u00f3n haya sido manipulada o introducida por un tercero ajeno al mismo.<\/p>\n\n\n\n<p>El sitio web del prestador puede utilizar cookies (peque\u00f1os archivos de informaci\u00f3n que el servidor env\u00eda al ordenador de quien accede a la p\u00e1gina) para llevar a cabo determinadas funciones que son consideradas imprescindibles para el correcto funcionamiento y visualizaci\u00f3n del sitio. Las cookies utilizadas en el sitio web tienen, en todo caso, car\u00e1cter temporal con la \u00fanica finalidad de hacer m\u00e1s eficaz su transmisi\u00f3n ulterior y desaparecen al terminar la sesi\u00f3n del usuario. En ning\u00fan caso se utilizar\u00e1n las cookies para recoger informaci\u00f3n de car\u00e1cter personal.<\/p>\n\n\n\n<p>Desde el sitio web del cliente es posible que se redirija a contenidos de terceros sitios web. Dado que el prestador no puede controlar siempre los contenidos introducidos por los terceros en sus sitios web, \u00e9ste no asume ning\u00fan tipo de responsabilidad respecto a dichos contenidos. En todo caso, el prestador manifiesta que proceder\u00e1 a la retirada inmediata de cualquier contenido que pudiera contravenir la legislaci\u00f3n nacional o internacional, la moral o el orden p\u00fablico, procediendo a la retirada inmediata de la redirecci\u00f3n a dicho sitio web, poniendo en conocimiento de las autoridades competentes el contenido en cuesti\u00f3n.<\/p>\n\n\n\n<p>El prestador no se hace responsable de la informaci\u00f3n y contenidos almacenados, a t\u00edtulo enunciativo pero no limitativo, en foros, chat\u00b4s, generadores de blogs, comentarios, redes sociales o cualesquiera otro medio que permita a terceros publicar contenidos de forma independiente en la p\u00e1gina web del prestador. No obstante y en cumplimiento de lo dispuesto en el art. 11 y 16 de la LSSI-CE, el prestador se pone a disposici\u00f3n de todos los usuarios, autoridades y fuerzas de seguridad, y colaborando de forma activa en la retirada o en su caso bloqueo de todos aquellos contenidos que pudieran afectar o contravenir la legislaci\u00f3n nacional, o internacional, derechos de terceros o la moral y el orden p\u00fablico. En caso de que el usuario considere que existe en el sitio web alg\u00fan contenido que pudiera ser susceptible de esta clasificaci\u00f3n, se ruega lo notifique de forma inmediata al administrador del sitio web.<\/p>\n\n\n\n<p>Este sitio web ha sido revisado y probado para que funcione correctamente. En principio, puede garantizarse el correcto funcionamiento los 365 d\u00edas del a\u00f1o, 24 horas al d\u00eda. No obstante, el prestador no descarta la posibilidad de que existan ciertos errores de programaci\u00f3n, o que acontezcan causas de fuerza mayor, cat\u00e1strofes naturales, huelgas, o circunstancias semejantes que hagan imposible el acceso a la p\u00e1gina web.<\/p>\n\n\n\n<p>PROTECCI\u00d3N DE DATOS PERSONALES<\/p>\n\n\n\n<p>El prestador se encuentra profundamente comprometido con el cumplimiento de la normativa espa\u00f1ola de protecci\u00f3n de datos de car\u00e1cter personal, y garantiza el cumplimiento \u00edntegro de las obligaciones dispuestas, as\u00ed como la implementaci\u00f3n de las medidas de seguridad dispuestas en el art. 9 de la Ley 15\/1999, de Protecci\u00f3n de Datos de Car\u00e1cter Personal (LOPD) y en el Reglamento de Desarrollo de la LOPD.<\/p>\n\n\n\n<p>El prestador pone a disposici\u00f3n de los usuarios la Pol\u00edtica de Privacidad de la entidad informando a los usuarios respecto a los siguientes aspectos:<\/p>\n\n\n\n<ul><li>El responsable del tratamiento de los datos obtenidos desde este sitio web es Pluvia Risks<\/li><li>Los datos a tratar son los propios que se recogen en el formulario, tales como nombre, email, y tel\u00e9fono.<\/li><li>Fichero en el que se almacenan: Clientes y proveedores<\/li><li>Finalidad: Fichero que recoge los datos para la gesti\u00f3n de clientes y proveedores. Gesti\u00f3n de usuario de la web para resoluci\u00f3n de consultas y el envi\u00f3 de publicidad. Sin perjuicio de las finalidades, dicha informaci\u00f3n ser\u00e1 guardad y gestionada con su debida confidencialidad, aplicando las medidas de seguridad inform\u00e1tica establecidas en la legislaci\u00f3n aplicable para impedir el acceso o uso indebido de sus datos, su manipulaci\u00f3n, deterioro o p\u00e9rdida.<\/li><li>En cualquier momento puede usted ejercer sus derechos de acceso, rectificaci\u00f3n o cancelaci\u00f3n en relaci\u00f3n con dichos datos, dirigiendo su solicitud a la direcci\u00f3n del titular de los ficheros. Puede encontrar formularios para el ejercicio de sus derechos en el sitio web de la Agencia de Protecci\u00f3n de datos.<\/li><li>Los datos ser\u00e1n tratados con el uso legal derivada de su finalidad, los usuarios podr\u00e1n acceder, modificar o cancelar dichos datos informando previamente al responsable a trav\u00e9s del email facilitado&nbsp;<strong>info@pluviarisks.es<\/strong><\/li><\/ul>\n\n\n\n<p>PROPIEDAD INTELECTUAL E INDUSTRIAL<\/p>\n\n\n\n<p>El sitio web, incluyendo a t\u00edtulo enunciativo pero no limitativo su programaci\u00f3n, edici\u00f3n, compilaci\u00f3n y dem\u00e1s elementos necesarios para su funcionamiento, los dise\u00f1os, logotipos, texto y\/o gr\u00e1ficos son propiedad del prestador o en su caso dispone de licencia o autorizaci\u00f3n expresa por parte de los autores. Todos los contenidos del sitio web se encuentran debidamente protegidos por la normativa de propiedad intelectual e industrial, as\u00ed como inscritos en los registros p\u00fablicos correspondientes.<\/p>\n\n\n\n<p>Independientemente de la finalidad para la que fueran destinados, la reproducci\u00f3n total o parcial, uso, explotaci\u00f3n, distribuci\u00f3n y comercializaci\u00f3n, requiere en todo caso de la autorizaci\u00f3n escrita previa por parte del prestador. Cualquier uso no autorizado previamente por parte del prestador ser\u00e1 considerado un incumplimiento grave de los derechos de propiedad intelectual o industrial del autor.<\/p>\n\n\n\n<p>Los dise\u00f1os, logotipos, texto y\/o gr\u00e1ficos ajenos al prestador y que pudieran aparecer en el sitio web, pertenecen a sus respectivos propietarios, siendo ellos mismos responsables de cualquier posible controversia que pudiera suscitarse respecto a los mismos. En todo caso, el prestador cuenta con la autorizaci\u00f3n expresa y previa por parte de los mismos. El prestador no autoriza expresamente a que terceros puedan redirigir directamente a los contenidos concretos del sitio web, debiendo en todo caso redirigir al sitio web principal del prestador, previo aviso al prestador.<\/p>\n\n\n\n<p>El prestador reconoce a favor de sus titulares los correspondientes derechos de propiedad industrial e intelectual, no implicando su sola menci\u00f3n o aparici\u00f3n en el sitio web la existencia de derechos o responsabilidad alguna del prestador sobre los mismos, como tampoco respaldo, patrocinio o recomendaci\u00f3n por parte del mismo. Para realizar cualquier tipo de observaci\u00f3n respecto a posibles incumplimientos de los derechos de propiedad intelectual o industrial, as\u00ed como sobre cualquiera de los contenidos del sitio web, puede hacerlo a trav\u00e9s del siguiente correo electr\u00f3nico&nbsp;<strong>info@pluviarisks<\/strong>.es<\/p>\n\n\n\n<p>LEY APLICABLE Y JURISDICCI\u00d3N<\/p>\n\n\n\n<p>Para la resoluci\u00f3n de todas las controversias o cuestiones relacionadas con el presente sitio web o de las actividades en \u00e9l desarrolladas, ser\u00e1 de aplicaci\u00f3n la legislaci\u00f3n espa\u00f1ola, a la que se someten expresamente las partes, siendo competentes para la resoluci\u00f3n de todos los conflictos derivados o relacionados con su uso los Juzgados y Tribunales de Valladolid.<\/p>\n","protected":false},"excerpt":{"rendered":"<p>Denominaci\u00f3n Social: Pluvia Risks. SL Nombre Comercial: Pluvia Risks Domicilio Social:&nbsp;Calle Chile, 10 &#8211; EDIFICIO MADRID 92 &#8211; Oficina 142-143 &#8211; 28290 LAS MATAS, LAS ROZAS (Madrid) CIF \/ NIF: B-86664455 Tel\u00e9fono: +34 91 6364317 &#8211; e-mail:&nbsp;pluvia@pluvia.es E-Mail:&nbsp;info@pluviarisks.es Nombre de dominio:&nbsp; www.pluviarisks.es OBJETO El prestador, responsable del sitio web, pone a disposici\u00f3n de los usuarios [&hellip;]<\/p>\n","protected":false},"author":1,"featured_media":0,"parent":0,"menu_order":0,"comment_status":"closed","ping_status":"closed","template":"","meta":[],"_links":{"self":[{"href":"https:\/\/www.pluvia.es\/en\/wp-json\/wp\/v2\/pages\/1600"}],"collection":[{"href":"https:\/\/www.pluvia.es\/en\/wp-json\/wp\/v2\/pages"}],"about":[{"href":"https:\/\/www.pluvia.es\/en\/wp-json\/wp\/v2\/types\/page"}],"author":[{"embeddable":true,"href":"https:\/\/www.pluvia.es\/en\/wp-json\/wp\/v2\/users\/1"}],"replies":[{"embeddable":true,"href":"https:\/\/www.pluvia.es\/en\/wp-json\/wp\/v2\/comments?post=1600"}],"version-history":[{"count":3,"href":"https:\/\/www.pluvia.es\/en\/wp-json\/wp\/v2\/pages\/1600\/revisions"}],"predecessor-version":[{"id":1903,"href":"https:\/\/www.pluvia.es\/en\/wp-json\/wp\/v2\/pages\/1600\/revisions\/1903"}],"wp:attachment":[{"href":"https:\/\/www.pluvia.es\/en\/wp-json\/wp\/v2\/media?parent=1600"}],"curies":[{"name":"wp","href":"https:\/\/api.w.org\/{rel}","templated":true}]}}